{"id":344,"date":"2021-01-31T12:29:53","date_gmt":"2021-01-31T11:29:53","guid":{"rendered":"http:\/\/unserallerwald.noblogs.org\/?page_id=344"},"modified":"2023-02-25T21:29:58","modified_gmt":"2023-02-25T20:29:58","slug":"was-wird-gebraucht","status":"publish","type":"page","link":"https:\/\/unserallerwald.noblogs.org\/de\/was-wird-gebraucht\/","title":{"rendered":"Was wird gebraucht?"},"content":{"rendered":"<p>Falls ihr in <em>Unser Aller Wald<\/em> vorbei kommt, freuen wir uns \u00fcber kleine und gro\u00dfe Sachspenden. Alles was uns zu \u00fcberwintern hilft, Dinge des allt\u00e4glichen Bedarfs und solche die das Leben sch\u00f6ner machen \ud83d\ude42<\/p>\n<p><img loading=\"lazy\" decoding=\"async\" class=\"size-medium wp-image-382 aligncenter\" src=\"https:\/\/unserallerwald.noblogs.org\/files\/2021\/03\/wunsch5-300x300.png\" alt=\"\" width=\"300\" height=\"300\" srcset=\"https:\/\/unserallerwald.noblogs.org\/files\/2021\/03\/wunsch5-300x300.png 300w, https:\/\/unserallerwald.noblogs.org\/files\/2021\/03\/wunsch5-1024x1024.png 1024w, https:\/\/unserallerwald.noblogs.org\/files\/2021\/03\/wunsch5-150x150.png 150w, https:\/\/unserallerwald.noblogs.org\/files\/2021\/03\/wunsch5-768x768.png 768w, https:\/\/unserallerwald.noblogs.org\/files\/2021\/03\/wunsch5-1536x1536.png 1536w, https:\/\/unserallerwald.noblogs.org\/files\/2021\/03\/wunsch5-100x100.png 100w, https:\/\/unserallerwald.noblogs.org\/files\/2021\/03\/wunsch5.png 2000w\" sizes=\"auto, (max-width: 300px) 100vw, 300px\" \/><\/p>\n<p>Hier unsere Wunschliste<\/p>\n<table style=\"width: 100%\">\n<tbody>\n<tr>\n<td>\n<ul>\n<li>Coronaschnelltests<\/li>\n<li>Klopapier<\/li>\n<li>Oliven\u00f6l &amp; Brat\u00f6l<\/li>\n<li>Vegane Aufstriche<\/li>\n<li>Vegane Margarine<\/li>\n<li>Pflanzenmilch<\/li>\n<li>M\u00fcsli\/Haferflocken<\/li>\n<li>Schokolade<\/li>\n<li>N\u00fcsse und Kerne<\/li>\n<li>Fahrr\u00e4der<\/li>\n<li>Hockerkocher<\/li>\n<li>Gaskocher<\/li>\n<li>Ofenrohr<\/li>\n<li>Silikon<\/li>\n<li>Asts\u00e4ge<\/li>\n<li>LKW Plane<\/li>\n<li>Planen<\/li>\n<li>Wellblech<\/li>\n<li>Schraubglieder<\/li>\n<li>Schieberiegel<\/li>\n<li>Scharniere\/ Lochb\u00e4nder<\/li>\n<li>Leder(!)Arbeitshandschuhe<\/li>\n<li>Baustellennetz<\/li>\n<li>Akkubaterien<\/li>\n<li>Kopflampen<\/li>\n<li>Lichterketten (Bateriebetrieben)<\/li>\n<li>Solarpanel<\/li>\n<li>Laderegler<\/li>\n<li>Walkie Talkies<\/li>\n<li>(Rattendichte) Kisten aller Gr\u00f6\u00dfen<\/li>\n<li>Capodaster<\/li>\n<\/ul>\n<\/td>\n<td>\n<ul>\n<li>M\u00fcll abholen<\/li>\n<li>Gut beschichtete Pfanne<\/li>\n<li>Pfannenwender aus Holz<\/li>\n<li>Senf<\/li>\n<li>Salz ohne Flurid<\/li>\n<li>Hirse<\/li>\n<li>Tomatenmark &amp; Dosentomaten<\/li>\n<li>Glutenfreies Mehl&amp; Nudeln<\/li>\n<li>Reiswaffeln<\/li>\n<li>Maiswaffeln<\/li>\n<li>Vollkornmehl<\/li>\n<li>Reis<\/li>\n<li>Sojasahne<\/li>\n<li>Gew\u00fcrzgurken<\/li>\n<li>Oliven<\/li>\n<li>Saft<\/li>\n<li>Chaitee<\/li>\n<\/ul>\n<p>Buchw\u00fcnsche:<\/p>\n<ul>\n<li>Der Hund der eigentlich ein Vogel ist<\/li>\n<li>Auf einem Sonnenstrahl ( Tillie Walden)<\/li>\n<li>Orlando (Viginia Woolf)<\/li>\n<li>Love addict ( Kate Davies)<\/li>\n<li>My 81 years of Anarchie<br \/>\nHoffnung in der Dunkelheit (Rebecca Solnit)<\/li>\n<li>Au\u00dfer sich (Sasha Marianna\u00a0Salzmann)<\/li>\n<li style=\"list-style-type: none\"><\/li>\n<li style=\"list-style-type: none\"><\/li>\n<\/ul>\n<\/td>\n<\/tr>\n<\/tbody>\n<\/table>\n<p>&nbsp;<\/p>\n","protected":false},"excerpt":{"rendered":"<p>Falls ihr in Unser Aller Wald vorbei kommt, freuen wir uns \u00fcber kleine und gro\u00dfe Sachspenden. Alles was uns zu \u00fcberwintern hilft, Dinge des allt\u00e4glichen Bedarfs und solche die das Leben sch\u00f6ner machen \ud83d\ude42 Hier unsere Wunschliste Coronaschnelltests Klopapier Oliven\u00f6l &amp; Brat\u00f6l Vegane Aufstriche Vegane Margarine Pflanzenmilch M\u00fcsli\/Haferflocken Schokolade N\u00fcsse und Kerne Fahrr\u00e4der Hockerkocher Gaskocher &hellip; <\/p>\n<p class=\"link-more\"><a href=\"https:\/\/unserallerwald.noblogs.org\/de\/was-wird-gebraucht\/\" class=\"more-link\"><span class=\"screen-reader-text\">\u201eWas wird gebraucht?\u201c <\/span>weiterlesen<\/a><\/p>\n","protected":false},"author":15763,"featured_media":0,"parent":0,"menu_order":0,"comment_status":"closed","ping_status":"closed","template":"","meta":{"_locale":"de_DE","_original_post":"http:\/\/unserallerwald.noblogs.org\/?page_id=344","footnotes":""},"class_list":["post-344","page","type-page","status-publish","hentry","de-DE"],"_links":{"self":[{"href":"https:\/\/unserallerwald.noblogs.org\/wp-json\/wp\/v2\/pages\/344","targetHints":{"allow":["GET"]}}],"collection":[{"href":"https:\/\/unserallerwald.noblogs.org\/wp-json\/wp\/v2\/pages"}],"about":[{"href":"https:\/\/unserallerwald.noblogs.org\/wp-json\/wp\/v2\/types\/page"}],"author":[{"embeddable":true,"href":"https:\/\/unserallerwald.noblogs.org\/wp-json\/wp\/v2\/users\/15763"}],"replies":[{"embeddable":true,"href":"https:\/\/unserallerwald.noblogs.org\/wp-json\/wp\/v2\/comments?post=344"}],"version-history":[{"count":21,"href":"https:\/\/unserallerwald.noblogs.org\/wp-json\/wp\/v2\/pages\/344\/revisions"}],"predecessor-version":[{"id":451,"href":"https:\/\/unserallerwald.noblogs.org\/wp-json\/wp\/v2\/pages\/344\/revisions\/451"}],"wp:attachment":[{"href":"https:\/\/unserallerwald.noblogs.org\/wp-json\/wp\/v2\/media?parent=344"}],"curies":[{"name":"wp","href":"https:\/\/api.w.org\/{rel}","templated":true}]}}