{"id":304,"date":"2020-12-10T16:41:35","date_gmt":"2020-12-10T15:41:35","guid":{"rendered":"http:\/\/unserallerwald.noblogs.org\/?page_id=304"},"modified":"2021-07-30T13:21:48","modified_gmt":"2021-07-30T11:21:48","slug":"umgang-mit-corona","status":"publish","type":"page","link":"https:\/\/unserallerwald.noblogs.org\/de\/umgang-mit-corona\/","title":{"rendered":"Umgang mit Corona"},"content":{"rendered":"<h2>Du m\u00f6chtest uns besuchen kommen?<\/h2>\n<p>Alle Besucher*innen sind \u2665herzlich Willkommen\u2665 !<\/p>\n<p>Wegen Corona braucht es weiterhin etwas Vorsicht und Absprachen. F\u00fcr einen Tagesbesuch k\u00f6nnt ihr gerne jeder Zeit mit Maske vorbei kommen (Montag ist unser Pausetag \ud83d\ude09 ). Wenn ihr \u00fcbernachten m\u00f6chtet oder l\u00e4nger bleiben wollt, lest euch bitte unser Corona-Konzept durch, dass wir unten beschrieben haben und ruf uns bitte vorher auf dem W\u00e4ldchentelefon an!<\/p>\n<p><strong><span class=\"css-901oao css-16my406 r-1qd0xha r-ad9z0x r-bcqeeo r-qvutc0\">+++ Um euren Besuch anzuk\u00fcndigen ruft bitte das W\u00e4ldchen-Telefon an: 015175666847 +++<br \/>\n<\/span><\/strong><\/p>\n<p>F\u00fcr das <a href=\"https:\/\/kultur-ohne-kohle.de\/de\">Kultur-Ohne-Kohle Festival<\/a> vom 2.-22. August gilt an den jeweiligen Veranstaltungsorten ein entsprechendes Corona-Konzept. <a href=\"https:\/\/kultur-ohne-kohle.de\/blog\/infoheft\/Kuloko_Infoheft.pdf#page=7&amp;zoom=auto,-228,420\">Hier findest du die Hinweise der Kuloko bez\u00fcglich Corona<\/a>.<\/p>\n<h2 id=\"Corona-Konzept\"><\/h2>\n<h2><em>UnserAllerWald<\/em> Corona-Konzept<\/h2>\n<p>Uns ist ein verantwortungsvoller Umgang mit der aktuellen Covid-19 Situation wichtig. Tagesbesucher*innen k\u00f6nnen mit Maske und Abstand gerne vorbei kommen. F\u00fcr Menschen die l\u00e4ngere Zeit im Wald leben m\u00f6chten w\u00fcnschen wir uns folgenden Umgang.<\/p>\n<p>Alle Menschen die sich l\u00e4nger im W\u00e4ldchen aufhalten verstehen sich als ein Haushalt. Trotzdem sollten auch innerhalb des Haushalts grunds\u00e4tzliche Hygieneregeln eingehalten werden, z.B. kein Geschirr teilen. Wer zum Haushalt dazu sto\u00dfen m\u00f6chte, sollte sich vorher 5 Tage isolieren und anschlie\u00dfend einen Schnelltest (mit negativem Ergebnis) durchf\u00fchren. Diese Regelung ist keine strikte Vorgabe und kann an Bed\u00fcrfnisse angepasst werden.<br \/>\nDie Isolation kann im Wald oder auch vorher woanders passieren. Eine Isolation vor der Ankunft im Wald entlastet die Strukturen hier sehr. Die Isolation kann alleine oder in einer Gruppe verbracht werden &#8211; es sollten aber w\u00e4hrend der Isolationszeit keine neuen Kontakte dazu kommen. Das gilt nat\u00fcrlich auch f\u00fcr die Menschen mit denen sich ein Mensch gemeinsam isoliert.<br \/>\nAls Kontakt sehen wir Begegnungen an bei denen mit h\u00f6herer Wahrscheinlichkeit eine Infektion m\u00f6glich ist. Die Bewertung, ob ein bestimmter Kontakt dazu z\u00e4hlt, ist den Menschen selbst \u00fcberlassen. Unsere Einsch\u00e4tzungen sind so grob: mittel voller Zug mit FFP2-Maske ist \u201ekein\u201c Kontakt; drau\u00dfen bei Wind mal kurz ohne Maske n\u00e4her als 1,5 Meter auch nicht; in einem stickigen Raum gemeinsam f\u00fcr paar ein Stunden mit Maske aber schon&#8230;<\/p>\n<p>M\u00f6chtest du die vorherige Isolation im Wald verbringen, bringe bitte f\u00fcr die Anfangszeit deinen eigenen Schlafplatz (ein Zelt, Bulli, Wohnwagen o.\u00c4.) mit. Falls du diese Ausr\u00fcstung nicht hast, ruf gerne an, wir k\u00f6nnen welche organisieren. In der Regel werden die geschlossen und beheizten R\u00e4umen f\u00fcr dich auch w\u00e4hrend der Isolation nutzbar sein, wenn wir uns dabei absprechen und f\u00fcr die erste Zeit Abstand halten. Auch au\u00dferhalb dieser R\u00e4ume gibt es alles an Infrastruktur die mensch im Alltag braucht: Drau\u00dfenk\u00fcche, Lagerfeuer, Toilette trockene Schlafpl\u00e4tze&#8230;<\/p>\n<p>Statt der vorherigen F\u00fcnf-Tage-Isolation gibt es nun auch die\u00a0 M\u00f6glichkeit direkt zum &#8222;Haushalt&#8220; in <em>UnserAllerWald<\/em> hinzuzusto\u00dfen, wenn du dich f\u00fcnf Tage in Folge testest. Bitte bringe, wenn m\u00f6glich selbst Tests mit. Ein paar Tests haben wir hier vor Ort.<\/p>\n","protected":false},"excerpt":{"rendered":"<p>Du m\u00f6chtest uns besuchen kommen? Alle Besucher*innen sind \u2665herzlich Willkommen\u2665 ! Wegen Corona braucht es weiterhin etwas Vorsicht und Absprachen. F\u00fcr einen Tagesbesuch k\u00f6nnt ihr gerne jeder Zeit mit Maske vorbei kommen (Montag ist unser Pausetag \ud83d\ude09 ). Wenn ihr \u00fcbernachten m\u00f6chtet oder l\u00e4nger bleiben wollt, lest euch bitte unser Corona-Konzept durch, dass wir unten &hellip; <\/p>\n<p class=\"link-more\"><a href=\"https:\/\/unserallerwald.noblogs.org\/de\/umgang-mit-corona\/\" class=\"more-link\"><span class=\"screen-reader-text\">\u201eUmgang mit Corona\u201c <\/span>weiterlesen<\/a><\/p>\n","protected":false},"author":15763,"featured_media":0,"parent":0,"menu_order":0,"comment_status":"closed","ping_status":"closed","template":"","meta":{"_locale":"de_DE","_original_post":"http:\/\/unserallerwald.noblogs.org\/?page_id=304","footnotes":""},"class_list":["post-304","page","type-page","status-publish","hentry","de-DE"],"_links":{"self":[{"href":"https:\/\/unserallerwald.noblogs.org\/wp-json\/wp\/v2\/pages\/304","targetHints":{"allow":["GET"]}}],"collection":[{"href":"https:\/\/unserallerwald.noblogs.org\/wp-json\/wp\/v2\/pages"}],"about":[{"href":"https:\/\/unserallerwald.noblogs.org\/wp-json\/wp\/v2\/types\/page"}],"author":[{"embeddable":true,"href":"https:\/\/unserallerwald.noblogs.org\/wp-json\/wp\/v2\/users\/15763"}],"replies":[{"embeddable":true,"href":"https:\/\/unserallerwald.noblogs.org\/wp-json\/wp\/v2\/comments?post=304"}],"version-history":[{"count":14,"href":"https:\/\/unserallerwald.noblogs.org\/wp-json\/wp\/v2\/pages\/304\/revisions"}],"predecessor-version":[{"id":504,"href":"https:\/\/unserallerwald.noblogs.org\/wp-json\/wp\/v2\/pages\/304\/revisions\/504"}],"wp:attachment":[{"href":"https:\/\/unserallerwald.noblogs.org\/wp-json\/wp\/v2\/media?parent=304"}],"curies":[{"name":"wp","href":"https:\/\/api.w.org\/{rel}","templated":true}]}}