{"id":255,"date":"2020-11-22T16:14:08","date_gmt":"2020-11-22T15:14:08","guid":{"rendered":"http:\/\/unserallerwald.noblogs.org\/?page_id=255"},"modified":"2021-03-05T14:30:38","modified_gmt":"2021-03-05T13:30:38","slug":"unsere-offene-werkstatt","status":"publish","type":"page","link":"https:\/\/unserallerwald.noblogs.org\/de\/unsere-offene-werkstatt\/","title":{"rendered":""},"content":{"rendered":"<h2><i><b>Was ist das?<\/b><\/i><\/h2>\n<p><span lang=\"de-DE\">Die Offene Werkstatt in <em>Unser Aller Wald<\/em> befindet sich in 4 Metern H\u00f6he und ist nur \u00fcber eine Leiter zu erreichen. Auf Anfrage ist ein barriere\u00e4rmerer Zugang m\u00f6glich \u2013 in jedem Fall ist Abenteuerpotenziel vorhanden! Die Werkstatt ist der Ausgangspunkt f\u00fcr vielf\u00e4ltige Aktivit\u00e4ten: Hier findet mensch alles, was es zum bauen ben\u00f6tigt und kann sich nach Herzenslust austoben. Vom Wildnis-Lehrpfad, Fahrradreparaturen oder weiteren Tiny-Houses sind viele Projekte bereits vertreten \u2013 <\/span><span lang=\"de-DE\">B<\/span><span lang=\"de-DE\">ring auch du dich ein und realisiere dein Projekt hier in Absprache mit uns! Wir freuen uns auf dich! <\/span><\/p>\n<h2><i><b>Warum gibt es die offene Werkstatt?<\/b><\/i><\/h2>\n<p lang=\"de-DE\">Mit der offenen Werkstatt wollen wir einen Ort schaffen, welcher politisch aktive Menschen der Region unterst\u00fctzt in ihrer politischen Arbeit \u2013 und zwar vor allem durch die Funktion als Begegnungsraum! Wir stehen in Kontakt und laden auch weiterhin insbesondere Menschen aus der Region dazu ein, an dem Projekt mit zu wirken und ihre Gedanken und Ziele an uns heran zu tragen.<\/p>\n<h2><i><b>Womit ist die offene Werkstatt ausgestattet?<\/b><\/i><\/h2>\n<p><span lang=\"de-DE\"><img loading=\"lazy\" decoding=\"async\" class=\"alignleft wp-image-299 size-medium\" src=\"https:\/\/unserallerwald.noblogs.org\/files\/2020\/12\/photo_2020-12-10_14-37-32-e1607614369618-300x236.jpg\" alt=\"\" width=\"300\" height=\"236\" srcset=\"https:\/\/unserallerwald.noblogs.org\/files\/2020\/12\/photo_2020-12-10_14-37-32-e1607614369618-300x236.jpg 300w, https:\/\/unserallerwald.noblogs.org\/files\/2020\/12\/photo_2020-12-10_14-37-32-e1607614369618-1024x806.jpg 1024w, https:\/\/unserallerwald.noblogs.org\/files\/2020\/12\/photo_2020-12-10_14-37-32-e1607614369618-768x605.jpg 768w, https:\/\/unserallerwald.noblogs.org\/files\/2020\/12\/photo_2020-12-10_14-37-32-e1607614369618.jpg 1081w\" sizes=\"auto, (max-width: 300px) 100vw, 300px\" \/>Die Werkstatt verf\u00fcgt insbesondere \u00fcber Werkzeuge, die es f\u00fcr Holzbauprojekte ben\u00f6tigt. Das Besondere: Alle Bauschritte werden entweder mit h\u00e4ndisch oder mit akkubetriebenen Ger\u00e4ten bew\u00e4ltigt! Es<\/span><span lang=\"de-DE\"> sind zum Beispiel<\/span> <span lang=\"de-DE\">mehrere <\/span><span lang=\"de-DE\">Akkubohrer, <\/span><span lang=\"de-DE\">eine <\/span><span lang=\"de-DE\">Akkustich- und Kreiss\u00e4ge, N\u00e4gel, Schrauben, H\u00e4mmer, Hands\u00e4gen, Messwerkzeug und vieles mehr vor Ort. Viel Platz zum auspr<\/span><span lang=\"de-DE\">o<\/span><span lang=\"de-DE\">bieren und Austoben garantiert!<\/span><\/p>\n<h2><i><b>Wer kann mitmachen?<\/b><\/i><\/h2>\n<p><span lang=\"de-DE\">Mitmachen k\u00f6nnen erst einmal alle Menschen mit Begeisterung am Handwerken, Ideen f\u00fcr neue Projekte oder einfach Interesse an dem, was hier passiert. Je nach Lage der <\/span><span lang=\"de-DE\">COVID-19 Pandemie<\/span><span lang=\"de-DE\"> gibt es verschiedenste Veranstaltungen; <strong><img loading=\"lazy\" decoding=\"async\" class=\"size-medium wp-image-294 alignright\" src=\"https:\/\/unserallerwald.noblogs.org\/files\/2020\/12\/photo_2020-12-10_14-37-37-199x300.jpg\" alt=\"\" width=\"199\" height=\"300\" srcset=\"https:\/\/unserallerwald.noblogs.org\/files\/2020\/12\/photo_2020-12-10_14-37-37-199x300.jpg 199w, https:\/\/unserallerwald.noblogs.org\/files\/2020\/12\/photo_2020-12-10_14-37-37-681x1024.jpg 681w, https:\/\/unserallerwald.noblogs.org\/files\/2020\/12\/photo_2020-12-10_14-37-37-768x1155.jpg 768w, https:\/\/unserallerwald.noblogs.org\/files\/2020\/12\/photo_2020-12-10_14-37-37.jpg 851w\" sizes=\"auto, (max-width: 199px) 100vw, 199px\" \/><\/strong>etwa der \u201e<\/span><span lang=\"de-DE\"><i>Brunch unter der Werkstatt<\/i><\/span><span lang=\"de-DE\">\u201c oder Mitmach-Bauwochen, zu denen wir herzlich einladen <\/span><span lang=\"de-DE\">(aktuelle Informationen zur Zug\u00e4nglichkeit der Werkstatt auf der Hauptseite von <a href=\"https:\/\/unserallerwald.noblogs.org\/\"><em>Unser Aller Wald<\/em><\/a>)<\/span><span lang=\"de-DE\">.<\/span><\/p>\n<p><span lang=\"de-DE\">Sofern es das Infektionsgeschehen zul\u00e4sst sagen wir also: <strong>Kommt vorbei, zeigt euer Interesse und kommt mit uns ins Gespr\u00e4ch!<\/strong><br \/>\n<\/span><\/p>\n<p><span lang=\"de-DE\"><img loading=\"lazy\" decoding=\"async\" class=\"alignnone size-full wp-image-269\" src=\"https:\/\/unserallerwald.noblogs.org\/files\/2020\/11\/machtmit.png\" alt=\"\" width=\"277\" height=\"86\" \/><br \/>\nUnd, bis bald!<\/span><\/p>\n","protected":false},"excerpt":{"rendered":"<p>Was ist das? Die Offene Werkstatt in Unser Aller Wald befindet sich in 4 Metern H\u00f6he und ist nur \u00fcber eine Leiter zu erreichen. Auf Anfrage ist ein barriere\u00e4rmerer Zugang m\u00f6glich \u2013 in jedem Fall ist Abenteuerpotenziel vorhanden! Die Werkstatt ist der Ausgangspunkt f\u00fcr vielf\u00e4ltige Aktivit\u00e4ten: Hier findet mensch alles, was es zum bauen ben\u00f6tigt &hellip; <\/p>\n<p class=\"link-more\"><a href=\"https:\/\/unserallerwald.noblogs.org\/de\/unsere-offene-werkstatt\/\" class=\"more-link\"><span class=\"screen-reader-text\">\u201e\u201c <\/span>weiterlesen<\/a><\/p>\n","protected":false},"author":15763,"featured_media":297,"parent":0,"menu_order":0,"comment_status":"closed","ping_status":"closed","template":"","meta":{"_locale":"de_DE","_original_post":"http:\/\/unserallerwald.noblogs.org\/?page_id=255","footnotes":""},"class_list":["post-255","page","type-page","status-publish","has-post-thumbnail","hentry","de-DE"],"_links":{"self":[{"href":"https:\/\/unserallerwald.noblogs.org\/wp-json\/wp\/v2\/pages\/255","targetHints":{"allow":["GET"]}}],"collection":[{"href":"https:\/\/unserallerwald.noblogs.org\/wp-json\/wp\/v2\/pages"}],"about":[{"href":"https:\/\/unserallerwald.noblogs.org\/wp-json\/wp\/v2\/types\/page"}],"author":[{"embeddable":true,"href":"https:\/\/unserallerwald.noblogs.org\/wp-json\/wp\/v2\/users\/15763"}],"replies":[{"embeddable":true,"href":"https:\/\/unserallerwald.noblogs.org\/wp-json\/wp\/v2\/comments?post=255"}],"version-history":[{"count":9,"href":"https:\/\/unserallerwald.noblogs.org\/wp-json\/wp\/v2\/pages\/255\/revisions"}],"predecessor-version":[{"id":302,"href":"https:\/\/unserallerwald.noblogs.org\/wp-json\/wp\/v2\/pages\/255\/revisions\/302"}],"wp:featuredmedia":[{"embeddable":true,"href":"https:\/\/unserallerwald.noblogs.org\/wp-json\/wp\/v2\/media\/297"}],"wp:attachment":[{"href":"https:\/\/unserallerwald.noblogs.org\/wp-json\/wp\/v2\/media?parent=255"}],"curies":[{"name":"wp","href":"https:\/\/api.w.org\/{rel}","templated":true}]}}